{"id":2,"date":"2025-03-06T06:10:30","date_gmt":"2025-03-06T06:10:30","guid":{"rendered":"http:\/\/piff-paw.pl\/?page_id=2"},"modified":"2025-10-24T15:22:36","modified_gmt":"2025-10-24T15:22:36","slug":"sample-page","status":"publish","type":"page","link":"https:\/\/piff-paw.pl\/","title":{"rendered":"O Piff Paw"},"content":{"rendered":"\n<figure class=\"wp-block-image alignfull size-large\"><img loading=\"lazy\" decoding=\"async\" width=\"1024\" height=\"576\" src=\"http:\/\/piff-paw.pl\/wp-content\/uploads\/2025\/03\/cropped-fot.agnieszkanowackawitczak-1024x576.jpg\" alt=\"Piff Paw Zdj\u0119cie grupowe\" class=\"wp-image-8\" srcset=\"https:\/\/piff-paw.pl\/wp-content\/uploads\/2025\/03\/cropped-fot.agnieszkanowackawitczak-1024x576.jpg 1024w, https:\/\/piff-paw.pl\/wp-content\/uploads\/2025\/03\/cropped-fot.agnieszkanowackawitczak-300x169.jpg 300w, https:\/\/piff-paw.pl\/wp-content\/uploads\/2025\/03\/cropped-fot.agnieszkanowackawitczak-768x432.jpg 768w, https:\/\/piff-paw.pl\/wp-content\/uploads\/2025\/03\/cropped-fot.agnieszkanowackawitczak-1536x864.jpg 1536w, https:\/\/piff-paw.pl\/wp-content\/uploads\/2025\/03\/cropped-fot.agnieszkanowackawitczak.jpg 1920w\" sizes=\"auto, (max-width: 1024px) 100vw, 1024px\" \/><figcaption class=\"wp-element-caption\">fot. agnieszka nowacka witczak<\/figcaption><\/figure>\n\n\n\n<p>Koncerty zespo\u0142u Piff Paw to piosenki, kt\u00f3re adresowane s\u0105 zar\u00f3wno do dzieci jak i doros\u0142ych. Zabior\u0105 na lataj\u0105cym dywanie w krain\u0119 wyobra\u017ani, rozhu\u015btaj\u0105 swingiem i bluesem, zaprosz\u0105 na muzyczn\u0105 trampolin\u0119 szale\u0144stw przy akompaniamencie nieznanych dot\u0105d instrument\u00f3w. Piff Paw gra i \u015bpiewa o tym, co dzieci kochaj\u0105 najbardziej: o rowerach, k\u0105pielach w pianie, kasztanowych ludzikach i \u017co\u0142\u0119dziowych konikach, o d\u017cd\u017cownicach, kt\u00f3re wychodz\u0105 si\u0119 bawi\u0107 w deszczowy dzie\u0144. Zach\u0119c\u0105 do tworzenia w\u0142asnych instrument\u00f3w. Na koncercie dozwolone jest \u015bpiewanie na ca\u0142e gard\u0142o, ta\u0144czenie i tulenie si\u0119 do rodzic\u00f3w.<\/p>\n\n\n\n<p>Piff-Paw: <\/p>\n\n\n\n<ul class=\"wp-block-list\">\n<li>Aga Kiepuszewska \u2013 g\u0142os, dzwonki <\/li>\n\n\n\n<li>Nikola Ko\u0142odziejczyk \u2013 instrumenty klawiszowe, syntezator Moog\u2019a <\/li>\n\n\n\n<li>Kasia Bia\u0142orucka \u2013 flet poprzeczny, flet altowy <\/li>\n\n\n\n<li>Szymon Bia\u0142orucki \u2013 puzon, baryton marszowy, syntezatory <\/li>\n\n\n\n<li>Kasia Szetela-P\u0119kosz \u2013 g\u0142os, skrzypce <\/li>\n\n\n\n<li>Maciej Szczyci\u0144ski \u2013 kontrabas <\/li>\n\n\n\n<li>Micha\u0142 P\u0119kosz \u2013 instrumenty perkusyjne, handpany <\/li>\n<\/ul>\n\n\n\n<p>Autorkami piosenek s\u0105 <strong>Ela Madreiter <\/strong>(teksty) i <strong>Aga Kiepuszewska<\/strong> (muzyka), kt\u00f3re w czasie pandemii po\u0142\u0105czy\u0142y si\u0142y, \u017ceby stworzy\u0107 co\u015b bliskiego zar\u00f3wno dzieciom jak i doros\u0142ym. <strong>Nikola Ko\u0142odziejczyk<\/strong> \u2013 kompozytor i aran\u017cer, dosta\u0142 misj\u0119 specjaln\u0105 zaaran\u017cowania tych piosenek tak, by podoba\u0142y si\u0119 dzieciom najbardziej na \u015bwiecie. <\/p>\n\n\n\n<blockquote class=\"wp-block-quote is-layout-flow wp-block-quote-is-layout-flow\">\n<p>Ela Madreiter zadebiutowa\u0142a w 1998 roku tomikiem wierszy \u201eZapach powietrza\u201d nak\u0142adem Wydawnictwa Klubu Literackiego Centrum Kultury \u201eZamek\u201d w Poznaniu. W roku 2005 ukaza\u0142 si\u0119 drugi, autorski zbi\u00f3r wierszy \u201cDrogi okr\u0119\u017cne\u201d. <\/p>\n<\/blockquote>\n\n\n\n<p>Publikowa\u0142a m.in.: w czasopismach literackich Fraza i Akcent. Jest autork\u0105 dwuj\u0119zycznych tekst\u00f3w piosenek do polsko-niemieckiej p\u0142yty \u201eemigracja\u201d dla Anny Nova. Zajmuje si\u0119 r\u00f3wnie\u017c ilustracj\u0105, grafik\u0105, instalacj\u0105 i fotografi\u0105. Jest za\u0142o\u017cycielk\u0105 atelier dzieci\u0119cego Es klappt. Obok eksperymentalnej edukacji artystycznej dzieci jest autork\u0105 licznych ksi\u0105\u017cek dydaktycznych do nauki plastyki w szkole. <\/p>\n\n\n\n<blockquote class=\"wp-block-quote is-layout-flow wp-block-quote-is-layout-flow\">\n<p>Aga Kiepuszewska Ma na swoim koncie dwie autorskie p\u0142yty \u201eSilence\u201d i \u201eFala\u201d.  Jest absolwentk\u0105 kierunk\u00f3w: dyrygentura ch\u00f3ralna oraz wokalistyka jazzowa. Studiowa\u0142a r\u00f3wnie\u017c kompozycj\u0119 i muzyk\u0119 dawn\u0105 w Conservatorio di Santa Cecilia w Rzymie. Pracowa\u0142a z ch\u00f3rami dzieci\u0119cymi (K40 w podwarszawskim Komorowie), m\u0142odzie\u017cowymi (Joyful Voice w Krakowie), jak r\u00f3wnie\u017c ch\u00f3rem gospel dla senior\u00f3w (Gospel Wings z Jaworzna). <\/p>\n<\/blockquote>\n\n\n\n<p>Wyst\u0119powa\u0142a w du\u017cych formach wokalno-instrumentalnych: we wsp\u00f3\u0142czesnej operze Paw\u0142a Mykietyn \u201eCzarodziejska G\u00f3ra\u201d, w spektaklu muzyczno-baletowym \u201eKryptonim 27\u201d, w oratorium Jerzego Satanowskiego w re\u017cyserii Krystyny Jandy \u201ePami\u0119tniki z powstania warszawskiego\u201d. Ponadto wyst\u0105pi\u0142a w premierowych koncertach dzie\u0142 Nikoli Ko\u0142odziejczyka, m. in. \u201eKoncercie Brzezi\u0144skim\u201d,\u201e\u015apiewnikach domowych Moniuszki\u201d, \u201eChord Nation\u201d, Symfonii \u201ePowr\u00f3t do Macierzy\u201d, \u201eBalladach i romansach\u201d. <\/p>\n\n\n\n<blockquote class=\"wp-block-quote is-layout-flow wp-block-quote-is-layout-flow\">\n<p>Nikola Ko\u0142odziejczyk: zdobywca wielu nagr\u00f3d, m.in.: dw\u00f3ch Fryderyk\u00f3w \u2014 Jazzowy Debiut Roku 2015 za suit\u0119 na orkiestr\u0119 jazzow\u0105 \u201eChord Nation\u201d i Jazzowy Album Roku 2016 za suit\u0119 \u201eBarok Progresywny\u201d z udzia\u0142em instrument\u00f3w ludowych, historycznych oraz improwizator\u00f3w. <\/p>\n<\/blockquote>\n\n\n\n<p>Wraz z Micha\u0142em Bryndalem i Maciejem Szczyci\u0144skim wsp\u00f3\u0142tworzy Stryjo \u2014 trio po\u015bwi\u0119cone improwizowanym kompozycjom. Skomponowa\u0142 kilka koncert\u00f3w instrumentalnych takich jak koncert fortepianowy dla Dominika Wani, koncert na puzon dla Barta van Liera, suit\u0119 na orkiestr\u0119 smyczkow\u0105 AUKSO, tr\u0105bk\u0119 (Samuel Laser) i puzon (Tomasz D\u0105browski). Aran\u017cacje orkiestrowe Nikoli mo\u017cna us\u0142ysze\u0107 tak\u017ce na p\u0142ycie \u201eCzu\u0142e struny\u201d Natalii Kukulskiej.<\/p>\n","protected":false},"excerpt":{"rendered":"<p>Koncerty zespo\u0142u Piff Paw to piosenki, kt\u00f3re adresowane s\u0105 zar\u00f3wno do dzieci jak i doros\u0142ych. Zabior\u0105 na lataj\u0105cym dywanie w krain\u0119 wyobra\u017ani, rozhu\u015btaj\u0105 swingiem i bluesem, zaprosz\u0105 na muzyczn\u0105 trampolin\u0119<\/p>\n<p><span class=\"more-link\"><a href=\"https:\/\/piff-paw.pl\/\" class=\"readmore\">Continue reading<span class=\"screen-reader-text\">O Piff Paw<\/span><\/a><\/span><\/p>\n","protected":false},"author":1,"featured_media":0,"parent":0,"menu_order":0,"comment_status":"closed","ping_status":"open","template":"","meta":{"footnotes":""},"class_list":["post-2","page","type-page","status-publish","hentry"],"_links":{"self":[{"href":"https:\/\/piff-paw.pl\/index.php?rest_route=\/wp\/v2\/pages\/2","targetHints":{"allow":["GET"]}}],"collection":[{"href":"https:\/\/piff-paw.pl\/index.php?rest_route=\/wp\/v2\/pages"}],"about":[{"href":"https:\/\/piff-paw.pl\/index.php?rest_route=\/wp\/v2\/types\/page"}],"author":[{"embeddable":true,"href":"https:\/\/piff-paw.pl\/index.php?rest_route=\/wp\/v2\/users\/1"}],"replies":[{"embeddable":true,"href":"https:\/\/piff-paw.pl\/index.php?rest_route=%2Fwp%2Fv2%2Fcomments&post=2"}],"version-history":[{"count":5,"href":"https:\/\/piff-paw.pl\/index.php?rest_route=\/wp\/v2\/pages\/2\/revisions"}],"predecessor-version":[{"id":61,"href":"https:\/\/piff-paw.pl\/index.php?rest_route=\/wp\/v2\/pages\/2\/revisions\/61"}],"wp:attachment":[{"href":"https:\/\/piff-paw.pl\/index.php?rest_route=%2Fwp%2Fv2%2Fmedia&parent=2"}],"curies":[{"name":"wp","href":"https:\/\/api.w.org\/{rel}","templated":true}]}}