{"id":53,"date":"2025-10-15T17:26:33","date_gmt":"2025-10-15T17:26:33","guid":{"rendered":"https:\/\/piff-paw.pl\/?page_id=53"},"modified":"2025-12-28T16:32:22","modified_gmt":"2025-12-28T16:32:22","slug":"przedsprzedaz-albumu","status":"publish","type":"page","link":"https:\/\/piff-paw.pl\/?page_id=53","title":{"rendered":"Przedsprzeda\u017c Albumu"},"content":{"rendered":"\n<figure class=\"wp-block-image size-large\"><img loading=\"lazy\" decoding=\"async\" width=\"1024\" height=\"1024\" src=\"https:\/\/piff-paw.pl\/wp-content\/uploads\/2025\/10\/Piff-Paw-Dla-roznych-dzieci-2025-cover-3000x3000-1-1024x1024.jpg\" alt=\"\" class=\"wp-image-54\" srcset=\"https:\/\/piff-paw.pl\/wp-content\/uploads\/2025\/10\/Piff-Paw-Dla-roznych-dzieci-2025-cover-3000x3000-1-1024x1024.jpg 1024w, https:\/\/piff-paw.pl\/wp-content\/uploads\/2025\/10\/Piff-Paw-Dla-roznych-dzieci-2025-cover-3000x3000-1-300x300.jpg 300w, https:\/\/piff-paw.pl\/wp-content\/uploads\/2025\/10\/Piff-Paw-Dla-roznych-dzieci-2025-cover-3000x3000-1-150x150.jpg 150w, https:\/\/piff-paw.pl\/wp-content\/uploads\/2025\/10\/Piff-Paw-Dla-roznych-dzieci-2025-cover-3000x3000-1-768x768.jpg 768w, https:\/\/piff-paw.pl\/wp-content\/uploads\/2025\/10\/Piff-Paw-Dla-roznych-dzieci-2025-cover-3000x3000-1-1536x1536.jpg 1536w, https:\/\/piff-paw.pl\/wp-content\/uploads\/2025\/10\/Piff-Paw-Dla-roznych-dzieci-2025-cover-3000x3000-1-2048x2048.jpg 2048w, https:\/\/piff-paw.pl\/wp-content\/uploads\/2025\/10\/Piff-Paw-Dla-roznych-dzieci-2025-cover-3000x3000-1-640x640.jpg 640w, https:\/\/piff-paw.pl\/wp-content\/uploads\/2025\/10\/Piff-Paw-Dla-roznych-dzieci-2025-cover-3000x3000-1-666x666.jpg 666w, https:\/\/piff-paw.pl\/wp-content\/uploads\/2025\/10\/Piff-Paw-Dla-roznych-dzieci-2025-cover-3000x3000-1-96x96.jpg 96w, https:\/\/piff-paw.pl\/wp-content\/uploads\/2025\/10\/Piff-Paw-Dla-roznych-dzieci-2025-cover-3000x3000-1-50x50.jpg 50w\" sizes=\"auto, (max-width: 1024px) 100vw, 1024px\" \/><\/figure>\n\n\n\n<div class=\"wp-block-buttons is-layout-flex wp-block-buttons-is-layout-flex\">\n<div class=\"wp-block-button\"><a class=\"wp-block-button__link wp-element-button\" href=\"https:\/\/secure.tpay.com\/?h=3d8afbca84219b520c001d884830b89520fd0207\">Kup Teraz <\/a><\/div>\n<\/div>\n\n\n\n<p class=\"has-dark-orange-color has-text-color has-link-color wp-elements-1cd6b42cc74c0b49367b6537fd94b9df\">Cena Ksi\u0105\u017cki + p\u0142yta CD \u2014 49,20z\u0142 (<strong>40z\u0142 + VAT), + Koszt wysy\u0142ki do Polski 15 z\u0142 (paczkomat<\/strong>)<\/p>\n\n\n\n<p>Transakcje obs\u0142uguje TPay<\/p>\n\n\n\n<p>O dane do wysy\u0142ki zapytamy e-mailem<\/p>\n\n\n\n<p>Ksi\u0105\u017ceczka ilustrowana, format A5, 44 strony, twarda oprawa oraz P\u0142yta CD<\/p>\n\n\n\n<p>W ksi\u0105\u017ceczce nuty z tekstami do \u015bpiewania z dzie\u0107mi!<\/p>\n\n\n\n<div class=\"wp-block-buttons is-layout-flex wp-block-buttons-is-layout-flex\">\n<div class=\"wp-block-button\"><a class=\"wp-block-button__link wp-element-button\" href=\"https:\/\/secure.tpay.com\/?h=780937069f3cbe445cbe58b2efade3da1ba7d17a\">Kup Dwie sztuki <\/a><\/div>\n\n\n\n<div class=\"wp-block-button\"><a class=\"wp-block-button__link wp-element-button\" href=\"https:\/\/secure.tpay.com\/?h=a9823f65ca8227f4287233bc765d320671aac74c\">Kup trzy sztuki<\/a><\/div>\n<\/div>\n\n\n\n<p>Sprzeda\u017c prowadzi firma Przed Pa\u0144stwem Nikola Ko\u0142odziejczyk NIP: 9452032753 REGON: 540804370<\/p>\n\n\n\n<p><a href=\"https:\/\/budynosmakumickiewicza.pl\/index.php\/regulamin-sklepu\/\">Regulamin sklepu<\/a><\/p>\n\n\n\n<p><a href=\"https:\/\/budynosmakumickiewicza.pl\/index.php\/polityka-prywatnosci\/\">Polityka Prywatno\u015bci<\/a><\/p>\n\n\n\n<a href=\"https:\/\/tpay.com\/jak-to-dziala\" target=\"_blank\" title=\"Obs\u0142ugujemy p\u0142atno\u015bci internetowe przez system p\u0142atno\u015bci online Tpay\"><img decoding=\"async\" src=\"https:\/\/tpay.com\/img\/banners\/tpay-full-color-647x162.svg\" style=\"border:0\" alt=\"Logo Tpay\" title=\"Logo Tpay\"\/><\/a><BR><a href=\"https:\/\/tpay.com\/jak-to-dziala\" target=\"_blank\" title=\"Obs\u0142ugujemy p\u0142atno\u015bci internetowe przez system p\u0142atno\u015bci online Tpay\"><img decoding=\"async\" src=\"https:\/\/tpay.com\/img\/banners\/tpaycom_zaplac-telefonem-380x50.svg\" style=\"border:0\" alt=\"Logo Tpay\" title=\"Logo Tpay\"\/><\/a>\n\n\n\n<p><\/p>\n","protected":false},"excerpt":{"rendered":"<p>Cena Ksi\u0105\u017cki + p\u0142yta CD \u2014 49,20z\u0142 (40z\u0142 + VAT), + Koszt wysy\u0142ki do Polski 15 z\u0142 (paczkomat) Transakcje obs\u0142uguje TPay O dane do wysy\u0142ki zapytamy e-mailem Ksi\u0105\u017ceczka ilustrowana, format<\/p>\n<p><span class=\"more-link\"><a href=\"https:\/\/piff-paw.pl\/?page_id=53\" class=\"readmore\">Continue reading<span class=\"screen-reader-text\">Przedsprzeda\u017c Albumu<\/span><\/a><\/span><\/p>\n","protected":false},"author":1,"featured_media":0,"parent":0,"menu_order":0,"comment_status":"closed","ping_status":"closed","template":"","meta":{"footnotes":""},"class_list":["post-53","page","type-page","status-publish","hentry"],"_links":{"self":[{"href":"https:\/\/piff-paw.pl\/index.php?rest_route=\/wp\/v2\/pages\/53","targetHints":{"allow":["GET"]}}],"collection":[{"href":"https:\/\/piff-paw.pl\/index.php?rest_route=\/wp\/v2\/pages"}],"about":[{"href":"https:\/\/piff-paw.pl\/index.php?rest_route=\/wp\/v2\/types\/page"}],"author":[{"embeddable":true,"href":"https:\/\/piff-paw.pl\/index.php?rest_route=\/wp\/v2\/users\/1"}],"replies":[{"embeddable":true,"href":"https:\/\/piff-paw.pl\/index.php?rest_route=%2Fwp%2Fv2%2Fcomments&post=53"}],"version-history":[{"count":7,"href":"https:\/\/piff-paw.pl\/index.php?rest_route=\/wp\/v2\/pages\/53\/revisions"}],"predecessor-version":[{"id":66,"href":"https:\/\/piff-paw.pl\/index.php?rest_route=\/wp\/v2\/pages\/53\/revisions\/66"}],"wp:attachment":[{"href":"https:\/\/piff-paw.pl\/index.php?rest_route=%2Fwp%2Fv2%2Fmedia&parent=53"}],"curies":[{"name":"wp","href":"https:\/\/api.w.org\/{rel}","templated":true}]}}